{"id":6996,"date":"2020-10-26T20:05:55","date_gmt":"2020-10-26T17:05:55","guid":{"rendered":"https:\/\/karatepeklinik.com\/iletisim\/"},"modified":"2025-11-11T22:57:51","modified_gmt":"2025-11-11T19:57:51","slug":"contact","status":"publish","type":"page","link":"https:\/\/karatepeklinik.com\/en\/contact\/","title":{"rendered":"Contact Us"},"content":{"rendered":"\n<section class=\"gb-element-8dc6aee1\">\n<div class=\"gb-element-b8674983\">\n<p class=\"gb-text-72600785\"><span class=\"gb-shape\"><svg xmlns=\"http:\/\/www.w3.org\/2000\/svg\" viewBox=\"0 0 36.7 3\"><path fill=\"CurrentColor\" d=\"M0 0h36.7v3H0z\"><\/path><\/svg><\/span><span class=\"gb-text\">Contact us<\/span><\/p>\n\n\n\n<h1 class=\"gb-text\">Book your appointment now \u2013 contact us today.<\/h1>\n\n\n\n<p>For any questions, inquiries, or appointment requests, you can easily contact us. You may reach us via WhatsApp, SMS, email, or simply call us directly for immediate assistance. Our team will be happy to help you.<\/p>\n\n\n\n<p class=\"gb-headline gb-headline-2a90ebea\"><span class=\"gb-icon\"><svg aria-hidden=\"true\" role=\"img\" height=\"1em\" width=\"1em\" viewBox=\"0 0 448 512\" xmlns=\"http:\/\/www.w3.org\/2000\/svg\"><path fill=\"currentColor\" d=\"M380.9 97.1C339 55.1 283.2 32 223.9 32c-122.4 0-222 99.6-222 222 0 39.1 10.2 77.3 29.6 111L0 480l117.7-30.9c32.4 17.7 68.9 27 106.1 27h.1c122.3 0 224.1-99.6 224.1-222 0-59.3-25.2-115-67.1-157zm-157 341.6c-33.2 0-65.7-8.9-94-25.7l-6.7-4-69.8 18.3L72 359.2l-4.4-7c-18.5-29.4-28.2-63.3-28.2-98.2 0-101.7 82.8-184.5 184.6-184.5 49.3 0 95.6 19.2 130.4 54.1 34.8 34.9 56.2 81.2 56.1 130.5 0 101.8-84.9 184.6-186.6 184.6zm101.2-138.2c-5.5-2.8-32.8-16.2-37.9-18-5.1-1.9-8.8-2.8-12.5 2.8-3.7 5.6-14.3 18-17.6 21.8-3.2 3.7-6.5 4.2-12 1.4-32.6-16.3-54-29.1-75.5-66-5.7-9.8 5.7-9.1 16.3-30.3 1.8-3.7.9-6.9-.5-9.7-1.4-2.8-12.5-30.1-17.1-41.2-4.5-10.8-9.1-9.3-12.5-9.5-3.2-.2-6.9-.2-10.6-.2-3.7 0-9.7 1.4-14.8 6.9-5.1 5.6-19.4 19-19.4 46.3 0 27.3 19.9 53.7 22.6 57.4 2.8 3.7 39.1 59.7 94.8 83.8 35.2 15.2 49 16.5 66.6 13.9 10.7-1.6 32.8-13.4 37.4-26.4 4.6-13 4.6-24.1 3.2-26.4-1.3-2.5-5-3.9-10.5-6.6z\"><\/path><\/svg><\/span><span class=\"gb-headline-text\">Free WhatsApp Consultation:<br> <a href=\"https:\/\/api.whatsapp.com\/send\/?phone=905304899474&amp;text=Hello+Karatepe+Clinic%2C+I+am+reaching+out+via+karatepeklinik.com%2Fen+to+inquire+about+gastric+sleeve+surgery+and+the+consultation+process.&amp;type=phone_number&amp;app_absent=0\">+90 530 489 94 74<\/a><\/span><\/p>\n\n\n\n<p class=\"gb-text-44d380c1\"><span class=\"gb-shape\"><svg xmlns=\"http:\/\/www.w3.org\/2000\/svg\" viewBox=\"0 0 384 512\" width=\"1em\" height=\"1em\" aria-hidden=\"true\"><path d=\"M172.268 501.67C26.97 291.031 0 269.413 0 192 0 85.961 85.961 0 192 0s192 85.961 192 192c0 77.413-26.97 99.031-172.268 309.67-9.535 13.774-29.93 13.773-39.464 0zM192 272c44.183 0 80-35.817 80-80s-35.817-80-80-80-80 35.817-80 80 35.817 80 80 80z\" fill=\"currentColor\"><\/path><\/svg><\/span><span class=\"gb-text\"><strong>Te\u015fvikiye Mah., Sezai Selek Sok.,<\/strong><br><strong>K\u0131l\u0131\u00e7 Apt. A Blok<\/strong><br><strong>No:24 Kat:4, D:14,<\/strong><br><strong>\u015ei\u015fli, \u0130stanbul<\/strong><\/span><\/p>\n\n\n\n<p class=\"gb-text-f4f8842d\"><span class=\"gb-shape\"><svg xmlns=\"http:\/\/www.w3.org\/2000\/svg\" viewBox=\"0 0 512 512\" width=\"1em\" height=\"1em\" aria-hidden=\"true\"><path d=\"M493.4 24.6l-104-24c-11.3-2.6-22.9 3.3-27.5 13.9l-48 112c-4.2 9.8-1.4 21.3 6.9 28l60.6 49.6c-36 76.7-98.9 140.5-177.2 177.2l-49.6-60.6c-6.8-8.3-18.2-11.1-28-6.9l-112 48C3.9 366.5-2 378.1.6 389.4l24 104C27.1 504.2 36.7 512 48 512c256.1 0 464-207.5 464-464 0-11.2-7.7-20.9-18.6-23.4z\" fill=\"currentColor\"><\/path><\/svg><\/span><span class=\"gb-text\"><a href=\"tel:+905309173030\">+90 530 917 30 30<\/a><\/span><\/p>\n\n\n\n<p class=\"gb-text-86e443e1\"><span class=\"gb-shape\"><svg xmlns=\"http:\/\/www.w3.org\/2000\/svg\" viewBox=\"0 0 512 512\" width=\"1em\" height=\"1em\" aria-hidden=\"true\"><path d=\"M464 64H48C21.49 64 0 85.49 0 112v288c0 26.51 21.49 48 48 48h416c26.51 0 48-21.49 48-48V112c0-26.51-21.49-48-48-48zm0 48v40.805c-22.422 18.259-58.168 46.651-134.587 106.49-16.841 13.247-50.201 45.072-73.413 44.701-23.208.375-56.579-31.459-73.413-44.701C106.18 199.465 70.425 171.067 48 152.805V112h416zM48 400V214.398c22.914 18.251 55.409 43.862 104.938 82.646 21.857 17.205 60.134 55.186 103.062 54.955 42.717.231 80.509-37.199 103.053-54.947 49.528-38.783 82.032-64.401 104.947-82.653V400H48z\" fill=\"currentColor\"><\/path><\/svg><\/span><span class=\"gb-text\"><a href=\"mailto:karatepeklinik@gmail.com\">karatepeklinik@gmail.com<\/a><\/span><\/p>\n<\/div>\n\n\n\n<div class=\"gb-element-b894ac9c\">\n<figure class=\"wp-block-image size-full is-resized is-style-rounded\"><img decoding=\"async\" width=\"1000\" height=\"1000\" src=\"https:\/\/karatepeklinik.com\/wp-content\/uploads\/2025\/07\/oguzhan-karatepe-hakkimizda.webp\" alt=\"Prof. Dr. O\u011fuzhan Karatepe\u2019nin estetik ve obezite cerrahisi alan\u0131ndaki profesyonel portresi\" class=\"wp-image-4802\" style=\"width:562px;height:auto\" srcset=\"https:\/\/karatepeklinik.com\/wp-content\/uploads\/2025\/07\/oguzhan-karatepe-hakkimizda.webp 1000w, https:\/\/karatepeklinik.com\/wp-content\/uploads\/2025\/07\/oguzhan-karatepe-hakkimizda-300x300.webp 300w, https:\/\/karatepeklinik.com\/wp-content\/uploads\/2025\/07\/oguzhan-karatepe-hakkimizda-150x150.webp 150w, https:\/\/karatepeklinik.com\/wp-content\/uploads\/2025\/07\/oguzhan-karatepe-hakkimizda-768x768.webp 768w\" sizes=\"(max-width: 1000px) 100vw, 1000px\" \/><\/figure>\n<\/div>\n<\/section>\n","protected":false},"excerpt":{"rendered":"<p>Contact us Book your appointment now \u2013 contact us today. For any questions, inquiries, or appointment requests, you can easily contact us. You may reach us via WhatsApp, SMS, email, or simply call us directly for immediate assistance. Our team will be happy to help you. Free WhatsApp Consultation: +90 530 489 94 74 Te\u015fvikiye &#8230; <a title=\"Contact Us\" class=\"read-more\" href=\"https:\/\/karatepeklinik.com\/en\/contact\/\" aria-label=\"Read more about Contact Us\">Devam\u0131..<\/a><\/p>\n","protected":false},"author":2,"featured_media":0,"parent":0,"menu_order":0,"comment_status":"closed","ping_status":"closed","template":"","meta":{"footnotes":""},"class_list":{"0":"post-6996","1":"page","2":"type-page","3":"status-publish","5":"infinite-scroll-item"},"_links":{"self":[{"href":"https:\/\/karatepeklinik.com\/en\/wp-json\/wp\/v2\/pages\/6996","targetHints":{"allow":["GET"]}}],"collection":[{"href":"https:\/\/karatepeklinik.com\/en\/wp-json\/wp\/v2\/pages"}],"about":[{"href":"https:\/\/karatepeklinik.com\/en\/wp-json\/wp\/v2\/types\/page"}],"author":[{"embeddable":true,"href":"https:\/\/karatepeklinik.com\/en\/wp-json\/wp\/v2\/users\/2"}],"replies":[{"embeddable":true,"href":"https:\/\/karatepeklinik.com\/en\/wp-json\/wp\/v2\/comments?post=6996"}],"version-history":[{"count":3,"href":"https:\/\/karatepeklinik.com\/en\/wp-json\/wp\/v2\/pages\/6996\/revisions"}],"predecessor-version":[{"id":7337,"href":"https:\/\/karatepeklinik.com\/en\/wp-json\/wp\/v2\/pages\/6996\/revisions\/7337"}],"wp:attachment":[{"href":"https:\/\/karatepeklinik.com\/en\/wp-json\/wp\/v2\/media?parent=6996"}],"curies":[{"name":"wp","href":"https:\/\/api.w.org\/{rel}","templated":true}]}}